{"id":359,"date":"2020-02-21T14:25:05","date_gmt":"2020-02-21T13:25:05","guid":{"rendered":"https:\/\/www.iwaes.de\/?page_id=359"},"modified":"2022-01-11T16:48:36","modified_gmt":"2022-01-11T15:48:36","slug":"das-team","status":"publish","type":"page","link":"https:\/\/www.iwaes.de\/?page_id=359","title":{"rendered":"Die Bearbeiter"},"content":{"rendered":"\n<h4 class=\"wp-block-heading\">Institut f\u00fcr Geotechnik<\/h4>\n\n\n\n<p><strong>Projektaufgabe:<\/strong><br>&#8211; Interne und externe Kommunikation<br>&#8211; Modellerstellung des Hybridkanals und W\u00e4rmeverbundsnetzes<\/p>\n\n\n\n<hr class=\"wp-block-separator is-style-wide\"\/>\n\n\n\n<div class=\"wp-block-image\"><figure class=\"alignright size-large is-resized\"><img loading=\"lazy\" decoding=\"async\" src=\"https:\/\/www.iwaes.de\/wp-content\/uploads\/2020\/03\/grafik-6.png\" alt=\"\" class=\"wp-image-403\" width=\"175\" height=\"231\"\/><\/figure><\/div>\n\n\n\n<p><strong>Prof. Dr. Christian Moormann<\/strong><br><br>Professor f\u00fcr Geotechnik an der Universit\u00e4t Stuttgart<br><br>Forschungsschwerpunkte:<br>&#8211; Oberfl\u00e4chennahe Geothermie<br>&#8211; Halbfestgesteine<br>&#8211; tiefe Baugruben<br>&#8211; Tiefgr\u00fcndungen<\/p>\n\n\n\n<p><\/p>\n\n\n\n<hr class=\"wp-block-separator is-style-wide\"\/>\n\n\n\n<div class=\"wp-block-image\"><figure class=\"alignright size-large is-resized\"><img loading=\"lazy\" decoding=\"async\" src=\"https:\/\/www.iwaes.de\/wp-content\/uploads\/2019\/08\/Lebenslauf-Wordpress.jpg\" alt=\"\" class=\"wp-image-287\" width=\"175\" height=\"223\"\/><\/figure><\/div>\n\n\n\n<p><br><strong>Till Kugler<\/strong><br><br>M.Sc. Bauingenieurwesen<br><br>Mitarbeiter am Institut f\u00fcr Geotechnik Universit\u00e4t Stuttgart<\/p>\n\n\n\n<p><\/p>\n\n\n\n<hr class=\"wp-block-separator is-style-wide\"\/>\n\n\n\n<h4 class=\"wp-block-heading\">Technische Universit\u00e4t Kaiserslautern<\/h4>\n\n\n\n<p><strong>Projektaufgaben:<\/strong><br>&#8211; Erstellung eines Konzepts f\u00fcr die Stadtentwicklung und St\u00e4dtebau innerhalb des Quartiers<\/p>\n\n\n\n<hr class=\"wp-block-separator is-style-wide\"\/>\n\n\n\n<div class=\"wp-block-image\"><figure class=\"alignright size-large is-resized\"><img loading=\"lazy\" decoding=\"async\" src=\"https:\/\/www.iwaes.de\/wp-content\/uploads\/2020\/03\/grafik-3.png\" alt=\"\" class=\"wp-image-399\" width=\"175\" height=\"229\"\/><\/figure><\/div>\n\n\n\n<p><strong>Prof. Dr. Detlef Kurth<\/strong><br><br>Professor f\u00fcr Stadtplanung an der TU Kaiserslautern, Fachbereich Raum- und Umweltplanung<br><br>Forschungsschwerpunkt:<br>&#8211; Nachhaltige Stadtentwicklung<br>&#8211; st\u00e4dtebaulicher Denkmalschutz<br>&#8211; energieeffiziente Quartiere<br>&#8211; energiegerechte Stadtentwicklung<\/p>\n\n\n\n<p><\/p>\n\n\n\n<hr class=\"wp-block-separator is-style-wide\"\/>\n\n\n\n<div class=\"wp-block-image\"><figure class=\"alignright size-large is-resized\"><img loading=\"lazy\" decoding=\"async\" src=\"https:\/\/www.iwaes.de\/wp-content\/uploads\/2019\/08\/Bild-Corinna.jpg\" alt=\"\" class=\"wp-image-288\" width=\"175\" height=\"235\"\/><\/figure><\/div>\n\n\n\n<p><br><strong>Corinna Schittenhelm<\/strong><br><br>M.Sc. Raum- und Umweltplanung<br><br>Wissenschaftliche Mitarbeiterin am Lehrstuhl Stadtplanung der TU Kaiserslautern<br><br><\/p>\n\n\n\n<p><\/p>\n\n\n\n<hr class=\"wp-block-separator is-style-wide\"\/>\n\n\n\n<h4 class=\"wp-block-heading\">Landeshauptstadt Stuttgart<\/h4>\n\n\n\n<p><strong>Projektaufgabe:<\/strong><br>&#8211; Interne und externe Kommunikation<br>&#8211; Stadtentwicklung und St\u00e4dtebau innerhalb des Quartiers<\/p>\n\n\n\n<hr class=\"wp-block-separator is-style-wide\"\/>\n\n\n\n<div class=\"wp-block-image\"><figure class=\"alignright size-large is-resized\"><img loading=\"lazy\" decoding=\"async\" src=\"https:\/\/www.iwaes.de\/wp-content\/uploads\/2020\/08\/Hahn-Rene.jpg\" alt=\"\" class=\"wp-image-610\" width=\"183\" height=\"229\"\/><\/figure><\/div>\n\n\n\n<p><strong>Ren\u00e9 Hahn<\/strong><br><br>Dipl.-Ing. Technologiemanagement<br><br>Certificate of Advanced Studies Anwendungsorientiertes Energiemanagement<br><br>Sachgebietsleiter Amt f\u00fcr Umweltschutz, Abteilung Energiewirtschaft Sachgebiet Energiekonzept Gesamtstadt<\/p>\n\n\n\n<p><\/p>\n\n\n\n<hr class=\"wp-block-separator is-style-wide\"\/>\n\n\n\n<div class=\"wp-block-image\"><figure class=\"alignright size-large is-resized\"><img loading=\"lazy\" decoding=\"async\" src=\"https:\/\/www.iwaes.de\/wp-content\/uploads\/2019\/12\/image-2.png\" alt=\"\" class=\"wp-image-333\" width=\"175\" height=\"219\"\/><\/figure><\/div>\n\n\n\n<p><br><strong>Serena Oberecker<\/strong><br><br>M.Sc. Energietechnik<br><br>Ingenieur beim Amt f\u00fcr Umweltschutz, Abteilung Energiewirtschaft, Sachgebiet Energiekonzept Gesamtstadt<\/p>\n\n\n\n<p><\/p>\n\n\n\n<hr class=\"wp-block-separator is-style-wide\"\/>\n\n\n\n<div class=\"wp-block-image\"><figure class=\"alignright size-large is-resized\"><img loading=\"lazy\" decoding=\"async\" src=\"https:\/\/www.iwaes.de\/wp-content\/uploads\/2022\/01\/Bewerbungsfoto.png\" alt=\"\" class=\"wp-image-733\" width=\"178\" height=\"238\" srcset=\"https:\/\/www.iwaes.de\/wp-content\/uploads\/2022\/01\/Bewerbungsfoto.png 225w, https:\/\/www.iwaes.de\/wp-content\/uploads\/2022\/01\/Bewerbungsfoto-224x300.png 224w\" sizes=\"auto, (max-width: 178px) 100vw, 178px\" \/><\/figure><\/div>\n\n\n\n<p><br><strong>Jakob Weinbrenner<\/strong><br><br>M.Sc. Umwelttechnik &amp; Ressourcenmanagement<br><br>Ingenieur beim Amt f\u00fcr Umweltschutz, Abteilung Energiewirtschaft, Sachgebiet Energiekonzept Gesamtstadt<\/p>\n\n\n\n<p><\/p>\n\n\n\n<hr class=\"wp-block-separator is-style-wide\"\/>\n\n\n\n<div class=\"wp-block-image\"><figure class=\"alignright size-large is-resized\"><img loading=\"lazy\" decoding=\"async\" src=\"https:\/\/www.iwaes.de\/wp-content\/uploads\/2022\/01\/Foto_anderes_Format.png\" alt=\"\" class=\"wp-image-736\" width=\"176\" height=\"235\" srcset=\"https:\/\/www.iwaes.de\/wp-content\/uploads\/2022\/01\/Foto_anderes_Format.png 225w, https:\/\/www.iwaes.de\/wp-content\/uploads\/2022\/01\/Foto_anderes_Format-224x300.png 224w\" sizes=\"auto, (max-width: 176px) 100vw, 176px\" \/><\/figure><\/div>\n\n\n\n<p><br><strong>Daniel Schwermann<\/strong><br><br>M.Sc. Energietechnik<br><br>Ingenieur beim Amt f\u00fcr Umweltschutz, Abteilung Energiewirtschaft, Sachgebiet Energiekonzept Gesamtstadt<\/p>\n\n\n\n<p><\/p>\n\n\n\n<hr class=\"wp-block-separator is-style-wide\"\/>\n\n\n\n<h4 class=\"wp-block-heading\">Die STEG Stadtentwicklung GmbH<\/h4>\n\n\n\n<p><strong>Projektaufgabe:<\/strong><br>&#8211; Stadtentwicklung und St\u00e4dtebau<\/p>\n\n\n\n<hr class=\"wp-block-separator is-style-wide\"\/>\n\n\n\n<div class=\"wp-block-image\"><figure class=\"alignright size-large is-resized\"><img decoding=\"async\" src=\"https:\/\/www.iwaes.de\/wp-content\/uploads\/2020\/03\/1588032-scaled-e1585648786686-704x1024.jpg\" alt=\"\" class=\"wp-image-496\" width=\"175\" srcset=\"https:\/\/www.iwaes.de\/wp-content\/uploads\/2020\/03\/1588032-scaled-e1585648786686-704x1024.jpg 704w, https:\/\/www.iwaes.de\/wp-content\/uploads\/2020\/03\/1588032-scaled-e1585648786686-206x300.jpg 206w, https:\/\/www.iwaes.de\/wp-content\/uploads\/2020\/03\/1588032-scaled-e1585648786686-768x1117.jpg 768w, https:\/\/www.iwaes.de\/wp-content\/uploads\/2020\/03\/1588032-scaled-e1585648786686-676x984.jpg 676w, https:\/\/www.iwaes.de\/wp-content\/uploads\/2020\/03\/1588032-scaled-e1585648786686.jpg 932w\" sizes=\"(max-width: 704px) 100vw, 704px\" \/><\/figure><\/div>\n\n\n\n<p><strong>Dr. Frank Friesecke<\/strong><br><br>Dr.-Ing. Vermessungswesen (Rheinischen-Friedrich-Wilhelms-Universit\u00e4t Bonn)<br>Prokurist und Leiter des Gesch\u00e4ftsfelds Stadterneuerung bei der STEG Stadtentwicklung GmbH in Stuttgart<br><br>Auszeichnung der Promotion <br>Thema \u201eStadtumbau im Konsens\u201c <br>als vorbildliche&nbsp;Forschungsarbeit zum Thema \u201eStadt\u201c <br>durch die&nbsp;Stiftung der deutschen St\u00e4dte, Gemeinden und&nbsp;<br>Kreise zur F\u00f6rderung der Kommunalwissenschaften;&nbsp;<br>Auslober: Deutsches Institut f\u00fcr Urbanistik (difu), Berlin<\/p>\n\n\n\n<p><\/p>\n\n\n\n<hr class=\"wp-block-separator is-style-wide\"\/>\n\n\n\n<p><strong>Alexander Vincent<\/strong><br><br>Energieberater<\/p>\n\n\n\n<hr class=\"wp-block-separator is-style-wide\"\/>\n\n\n\n<h4 class=\"wp-block-heading\">Hochschule Biberach<\/h4>\n\n\n\n<p><strong>Projektaufgaben:<\/strong><br>&#8211; Aufgabenpaket Geb\u00e4udeenergetik und Geb\u00e4udetechnik<\/p>\n\n\n\n<hr class=\"wp-block-separator is-style-wide\"\/>\n\n\n\n<div class=\"wp-block-image\"><figure class=\"alignright size-large is-resized\"><img decoding=\"async\" src=\"https:\/\/www.iwaes.de\/wp-content\/uploads\/2020\/03\/grafik-4.png\" alt=\"\" class=\"wp-image-401\" width=\"175\"\/><\/figure><\/div>\n\n\n\n<p><strong>Prof. Dr. Roland Koenigsdorff<\/strong><br><br>Professor f\u00fcr Geb\u00e4ude und Energiesysteme an der Hochschule Biberach<br><br>Forschungsschwerpunkt:<br>&#8211; Thermische Bauteilaktivierung<br>&#8211; Systemsimulation<br>&#8211; experimentelle und theoretische Arbeiten zu solarthermischen, -chemischen  Kraftwerkskomponenten<\/p>\n\n\n\n<p><\/p>\n\n\n\n<hr class=\"wp-block-separator is-style-wide\"\/>\n\n\n\n<div class=\"wp-block-image\"><figure class=\"alignright size-large is-resized\"><img loading=\"lazy\" decoding=\"async\" src=\"https:\/\/www.iwaes.de\/wp-content\/uploads\/2019\/08\/Ryba-schmal-2.jpg\" alt=\"\" class=\"wp-image-303\" width=\"175\" height=\"234\"\/><\/figure><\/div>\n\n\n\n<p><br><strong>Meinhard Ryba<\/strong><br><br>M.Sc. Energiemanagement, Dipl.Ing (FH) Holzbau\/Bauingenieur<br><br>Wissenschaftlicher Mitarbeiter der Hochschule Biberach<\/p>\n\n\n\n<p><\/p>\n\n\n\n<hr class=\"wp-block-separator is-style-wide\"\/>\n\n\n\n<div class=\"wp-block-image\"><figure class=\"alignright size-large is-resized\"><img loading=\"lazy\" decoding=\"async\" src=\"https:\/\/www.iwaes.de\/wp-content\/uploads\/2022\/01\/Stephan_Volkmer.png\" alt=\"\" class=\"wp-image-743\" width=\"172\" height=\"212\"\/><\/figure><\/div>\n\n\n\n<p><br><strong>Stephan Volkmer<\/strong><br><br>M.Sc Geb\u00e4ude und Energiesysteme<br><br>Wissenschaftlicher Mitarbeiter am Institut f\u00fcr Geb\u00e4ude- und Energiesysteme Hochschule Biberach<br><br>Forschungsschwerpunkt:<br>&#8211; Thermische Energietechnik<br>&#8211; Hydraulik<\/p>\n\n\n\n<p><\/p>\n\n\n\n<hr class=\"wp-block-separator is-style-wide\"\/>\n\n\n\n<h4 class=\"wp-block-heading\">FRANK GmbH<\/h4>\n\n\n\n<p><strong>Projektaufgaben:<\/strong><br>&#8211; Aufgabenpaket Hybridkan\u00e4le und W\u00e4rmeverbundnetz<\/p>\n\n\n\n<hr class=\"wp-block-separator is-style-wide\"\/>\n\n\n\n<div class=\"wp-block-image\"><figure class=\"alignright size-large is-resized\"><img loading=\"lazy\" decoding=\"async\" src=\"https:\/\/www.iwaes.de\/wp-content\/uploads\/2020\/04\/Mitarbeiterfoto_jekel_sebastion_Feb_2020-731x1024.jpg\" alt=\"\" class=\"wp-image-578\" width=\"175\" height=\"245\" srcset=\"https:\/\/www.iwaes.de\/wp-content\/uploads\/2020\/04\/Mitarbeiterfoto_jekel_sebastion_Feb_2020-731x1024.jpg 731w, https:\/\/www.iwaes.de\/wp-content\/uploads\/2020\/04\/Mitarbeiterfoto_jekel_sebastion_Feb_2020-214x300.jpg 214w, https:\/\/www.iwaes.de\/wp-content\/uploads\/2020\/04\/Mitarbeiterfoto_jekel_sebastion_Feb_2020-768x1076.jpg 768w, https:\/\/www.iwaes.de\/wp-content\/uploads\/2020\/04\/Mitarbeiterfoto_jekel_sebastion_Feb_2020-1097x1536.jpg 1097w, https:\/\/www.iwaes.de\/wp-content\/uploads\/2020\/04\/Mitarbeiterfoto_jekel_sebastion_Feb_2020-676x947.jpg 676w, https:\/\/www.iwaes.de\/wp-content\/uploads\/2020\/04\/Mitarbeiterfoto_jekel_sebastion_Feb_2020.jpg 1366w\" sizes=\"auto, (max-width: 175px) 100vw, 175px\" \/><\/figure><\/div>\n\n\n\n<p><br><strong>Sebastian Jekel<\/strong><br><br>M.Eng. Kunststofftechnik<br><br>Produktmanager im Bereich Abwasser und Umwelt bei der Firma Frank GmbH<br><br><\/p>\n\n\n\n<p><\/p>\n\n\n\n<hr class=\"wp-block-separator is-style-wide\"\/>\n\n\n\n<div class=\"wp-block-image\"><figure class=\"alignright size-large is-resized\"><img loading=\"lazy\" decoding=\"async\" src=\"https:\/\/www.iwaes.de\/wp-content\/uploads\/2019\/12\/MarcoSeitzmodifiziert.png\" alt=\"\" class=\"wp-image-330\" width=\"175\" height=\"217\"\/><\/figure><\/div>\n\n\n\n<p><br><strong>Marco Seitz<\/strong><br><br>Produktmanager f\u00fcr PKS-Thermpipe und Gro\u00dfprojektentwicklung bei der Firma Frank GmbH<br><br><br><\/p>\n\n\n\n<p><\/p>\n\n\n\n<hr class=\"wp-block-separator is-style-wide\"\/>\n\n\n\n<h4 class=\"wp-block-heading\">Klinger und Partner GmbH<\/h4>\n\n\n\n<p><strong>Projektaufgaben:<\/strong><br>&#8211; Festlegung der Randbedingungen des Kanalsystems<br>&#8211; Dimensionierung des Kanalsystems<\/p>\n\n\n\n<hr class=\"wp-block-separator is-style-wide\"\/>\n\n\n\n<div class=\"wp-block-image\"><figure class=\"alignright size-large is-resized\"><img decoding=\"async\" src=\"https:\/\/www.iwaes.de\/wp-content\/uploads\/2020\/03\/KUP-Portrait_209-jb-scaled-e1585648242777-791x1024.jpg\" alt=\"\" class=\"wp-image-497\" width=\"175\" srcset=\"https:\/\/www.iwaes.de\/wp-content\/uploads\/2020\/03\/KUP-Portrait_209-jb-scaled-e1585648242777-791x1024.jpg 791w, https:\/\/www.iwaes.de\/wp-content\/uploads\/2020\/03\/KUP-Portrait_209-jb-scaled-e1585648242777-232x300.jpg 232w, https:\/\/www.iwaes.de\/wp-content\/uploads\/2020\/03\/KUP-Portrait_209-jb-scaled-e1585648242777-768x994.jpg 768w, https:\/\/www.iwaes.de\/wp-content\/uploads\/2020\/03\/KUP-Portrait_209-jb-scaled-e1585648242777-1187x1536.jpg 1187w, https:\/\/www.iwaes.de\/wp-content\/uploads\/2020\/03\/KUP-Portrait_209-jb-scaled-e1585648242777-676x875.jpg 676w, https:\/\/www.iwaes.de\/wp-content\/uploads\/2020\/03\/KUP-Portrait_209-jb-scaled-e1585648242777.jpg 1414w\" sizes=\"(max-width: 791px) 100vw, 791px\" \/><\/figure><\/div>\n\n\n\n<p><br><strong>Dr. Jan Butz<\/strong><br><br>Stellvertretender Abteilungsleiter Siedlungswasserwirtschaft bei Klinger und Partner GmbH, Stuttgart<br><br><br><\/p>\n\n\n\n<p><\/p>\n\n\n\n<hr class=\"wp-block-separator is-style-wide\"\/>\n\n\n\n<div class=\"wp-block-image\"><figure class=\"alignright size-large is-resized\"><img loading=\"lazy\" decoding=\"async\" src=\"https:\/\/www.iwaes.de\/wp-content\/uploads\/2019\/08\/kevin-Knoche-1.jpg\" alt=\"\" class=\"wp-image-290\" width=\"181\" height=\"231\" srcset=\"https:\/\/www.iwaes.de\/wp-content\/uploads\/2019\/08\/kevin-Knoche-1.jpg 277w, https:\/\/www.iwaes.de\/wp-content\/uploads\/2019\/08\/kevin-Knoche-1-235x300.jpg 235w\" sizes=\"auto, (max-width: 181px) 100vw, 181px\" \/><\/figure><\/div>\n\n\n\n<p><br><strong>Kevin Knoche<\/strong><br><br>M.Sc. Umweltschutztechnik<br><br>Ingenieur bei Klinger und Partner GmbH<br><br><\/p>\n\n\n\n<p><\/p>\n\n\n\n<hr class=\"wp-block-separator is-style-wide\"\/>\n\n\n\n<p><\/p>\n","protected":false},"excerpt":{"rendered":"<p>Institut f\u00fcr Geotechnik Projektaufgabe:&#8211; Interne und externe Kommunikation&#8211; Modellerstellung des Hybridkanals und W\u00e4rmeverbundsnetzes Prof. Dr. Christian Moormann Professor f\u00fcr Geotechnik an der Universit\u00e4t Stuttgart Forschungsschwerpunkte:&#8211; Oberfl\u00e4chennahe Geothermie&#8211; Halbfestgesteine&#8211; tiefe Baugruben&#8211; Tiefgr\u00fcndungen Till Kugler M.Sc. Bauingenieurwesen Mitarbeiter am Institut f\u00fcr Geotechnik Universit\u00e4t Stuttgart Technische Universit\u00e4t Kaiserslautern Projektaufgaben:&#8211; Erstellung eines Konzepts f\u00fcr die Stadtentwicklung und St\u00e4dtebau innerhalb [&hellip;]<\/p>\n","protected":false},"author":4,"featured_media":0,"parent":0,"menu_order":0,"comment_status":"closed","ping_status":"closed","template":"","meta":{"footnotes":""},"class_list":["post-359","page","type-page","status-publish","hentry","post-preview"],"_links":{"self":[{"href":"https:\/\/www.iwaes.de\/index.php?rest_route=\/wp\/v2\/pages\/359","targetHints":{"allow":["GET"]}}],"collection":[{"href":"https:\/\/www.iwaes.de\/index.php?rest_route=\/wp\/v2\/pages"}],"about":[{"href":"https:\/\/www.iwaes.de\/index.php?rest_route=\/wp\/v2\/types\/page"}],"author":[{"embeddable":true,"href":"https:\/\/www.iwaes.de\/index.php?rest_route=\/wp\/v2\/users\/4"}],"replies":[{"embeddable":true,"href":"https:\/\/www.iwaes.de\/index.php?rest_route=%2Fwp%2Fv2%2Fcomments&post=359"}],"version-history":[{"count":47,"href":"https:\/\/www.iwaes.de\/index.php?rest_route=\/wp\/v2\/pages\/359\/revisions"}],"predecessor-version":[{"id":744,"href":"https:\/\/www.iwaes.de\/index.php?rest_route=\/wp\/v2\/pages\/359\/revisions\/744"}],"wp:attachment":[{"href":"https:\/\/www.iwaes.de\/index.php?rest_route=%2Fwp%2Fv2%2Fmedia&parent=359"}],"curies":[{"name":"wp","href":"https:\/\/api.w.org\/{rel}","templated":true}]}}