{"id":44,"date":"2019-04-26T21:49:01","date_gmt":"2019-04-26T19:49:01","guid":{"rendered":"https:\/\/www.iwaes.de\/?page_id=44"},"modified":"2019-04-27T14:02:10","modified_gmt":"2019-04-27T12:02:10","slug":"ap-5-integration-waermenetzplanung-in-eine-energieleitplanung","status":"publish","type":"page","link":"https:\/\/www.iwaes.de\/?page_id=44","title":{"rendered":"AP 5 &#8211; Integration W\u00e4rmenetzplanung in eine Energieleitplanung"},"content":{"rendered":"\n<p>Zur Erreichung der Klimaschutzziele der Bundesregierung sind nicht nur die Landeshauptstadt Stuttgart, sondern alle St\u00e4dte und Gemeinden gefordert, ihre jeweils eigene Energiestrategie festzulegen, indem sie regionale und lokale Energie- und Klimaschutzkonzepte erarbeiten, zur Grundlage einer Energieleitplanung machen und auf dieser Basis handeln. Die Energieleitplanung ist ein informelles Planungswerkzeug, das im Rahmen einer vorbereitenden Bauleitplanung (Fl\u00e4chennutzungsplan, \u00a7 5 BauGB) zu einer schnelleren Umsetzung rechtsverbindlicher Bauleitpl\u00e4ne (Bebauungsplan, \u00a7 9 BauGB) beitragen soll. Mit deren Hilfe k\u00f6nnen s\u00e4mtliche komplexe Fragestellungen zum Thema Energieversorgung von Stadtquartieren beantwortet sowie wichtige Grundlagen f\u00fcr effiziente Energieversorgungsl\u00f6sungen geschaffen werden.<\/p>\n\n\n\n<p>Ausgehend von den Erkenntnissen aus AP4 besteht das Ziel darin, den neuen ganzheitlichen Ansatz zur Ein- und Ausspeicherung von W\u00e4rme- und K\u00e4lteenergie in die Energieleitplanung einer Kommune zu integrieren bzw. zu adaptieren. Im Zentrum der \u00dcberlegungen steht die Darstellung eines vernetzten Energiesystems, das insbesondere die Energieformen W\u00e4rme und K\u00e4lte umfasst und durch die Integration thermisch aktivierter Strukturen des Siedlungswasserbaus zu einer ganzj\u00e4hrig ausgeglichenen W\u00e4rmebilanz gelangt.<\/p>\n\n\n\n<p>AP 5 umfasst au\u00dferdem kommunale Handlungsempfehlungen, wie die um thermisch aktivierte Strukturen \u201eerweiterten\u201c Energieleitplanungen in Fl\u00e4chennutzungspl\u00e4nen und Bebauungspl\u00e4nen handlungswirksam werden k\u00f6nnen.<\/p>\n","protected":false},"excerpt":{"rendered":"<p>Zur Erreichung der Klimaschutzziele der Bundesregierung sind nicht nur die Landeshauptstadt Stuttgart, sondern alle St\u00e4dte und Gemeinden gefordert, ihre jeweils eigene Energiestrategie festzulegen, indem sie regionale und lokale Energie- und Klimaschutzkonzepte erarbeiten, zur Grundlage einer Energieleitplanung machen und auf dieser Basis handeln. Die Energieleitplanung ist ein informelles Planungswerkzeug, das im Rahmen einer vorbereitenden Bauleitplanung (Fl\u00e4chennutzungsplan, [&hellip;]<\/p>\n","protected":false},"author":2,"featured_media":0,"parent":0,"menu_order":0,"comment_status":"closed","ping_status":"closed","template":"","meta":{"footnotes":""},"class_list":["post-44","page","type-page","status-publish","hentry","post-preview"],"_links":{"self":[{"href":"https:\/\/www.iwaes.de\/index.php?rest_route=\/wp\/v2\/pages\/44","targetHints":{"allow":["GET"]}}],"collection":[{"href":"https:\/\/www.iwaes.de\/index.php?rest_route=\/wp\/v2\/pages"}],"about":[{"href":"https:\/\/www.iwaes.de\/index.php?rest_route=\/wp\/v2\/types\/page"}],"author":[{"embeddable":true,"href":"https:\/\/www.iwaes.de\/index.php?rest_route=\/wp\/v2\/users\/2"}],"replies":[{"embeddable":true,"href":"https:\/\/www.iwaes.de\/index.php?rest_route=%2Fwp%2Fv2%2Fcomments&post=44"}],"version-history":[{"count":3,"href":"https:\/\/www.iwaes.de\/index.php?rest_route=\/wp\/v2\/pages\/44\/revisions"}],"predecessor-version":[{"id":172,"href":"https:\/\/www.iwaes.de\/index.php?rest_route=\/wp\/v2\/pages\/44\/revisions\/172"}],"wp:attachment":[{"href":"https:\/\/www.iwaes.de\/index.php?rest_route=%2Fwp%2Fv2%2Fmedia&parent=44"}],"curies":[{"name":"wp","href":"https:\/\/api.w.org\/{rel}","templated":true}]}}