{"id":48,"date":"2019-04-26T20:19:02","date_gmt":"2019-04-26T18:19:02","guid":{"rendered":"https:\/\/www.iwaes.de\/?page_id=48"},"modified":"2020-08-17T08:01:51","modified_gmt":"2020-08-17T06:01:51","slug":"frank-gmbh","status":"publish","type":"page","link":"https:\/\/www.iwaes.de\/?page_id=48","title":{"rendered":"FRANK GmbH"},"content":{"rendered":"\n<div class=\"wp-block-columns has-2-columns is-layout-flex wp-container-core-columns-is-layout-9d6595d7 wp-block-columns-is-layout-flex\">\n<div class=\"wp-block-column is-layout-flow wp-block-column-is-layout-flow\">\n<p><a href=\"https:\/\/www.frank-gmbh.de\/de\/\">Firmenhomepage<\/a><\/p>\n<\/div>\n\n\n\n<div class=\"wp-block-column is-layout-flow wp-block-column-is-layout-flow\">\n<div class=\"wp-block-image\"><figure class=\"alignright is-resized\"><img loading=\"lazy\" decoding=\"async\" src=\"https:\/\/www.frank-gmbh.de\/de-wGlobal\/wGlobal\/layout\/images\/weblication\/wThumbnails\/frank-logo-big1-1f4d50fa652c9ccg5613dda1e91827b4.jpg\" alt=\"Logo\" width=\"308\" height=\"67\"\/><\/figure><\/div>\n\n\n\n<p><\/p>\n<\/div>\n<\/div>\n\n\n\n<p>Die FRANK GmbH, mit Sitz in M\u00f6rfelden-Walldorf, ist ein in zweiter Generation ei-gent\u00fcmergef\u00fchrtes Unternehmen, welches 1965 als Ingenieurb\u00fcro gegr\u00fcndet wurde. FRANK ist einer der f\u00fchrenden Anbieter im europ\u00e4ischen Kunststoffrohrmarkt, spezialisiert auf die Entwicklung, die Herstellung und den Vertrieb von Kunststoffsystemen aus PE, PP, PVDF und ECTFE. Das Unternehmen verf\u00fcgt \u00fcber eine hohe technische Kompetenz zur Herstellung und Anwendung von Kunststoffrohren in der Industrie und im Tiefbau. Das Know-how in der Kunststoffverarbeitung und der Kunststoff-Schwei\u00dftechnik spiegelt sich auch in den T\u00e4tigkeiten der verschiedenen Tochtergesellschaften wider. Weltweit arbeiten qualifizierte Mitarbeiter in spezialisierten Produktions- und Vertriebsfirmen an der Fertigung, der Weiterentwicklung und dem Vertrieb innovativer Qualit\u00e4tsprodukte. 2009 wurde die FRANK GmbH Sieger beim \u201eGro\u00dfen Preis des deutschen Mittelstandes\u201c.<\/p>\n\n\n\n<p>Die FRANK GmbH bringt in das Projekt IWAES ihre Erfahrungen aus der Entwicklung des W\u00e4rmer\u00fcckgewinnungssystems PSK Thermpipe\u00ae ein. Die PSK Thermpipe\u00ae beschreibt ein Rohrsystem zur Nutzung von W\u00e4rme aus dem System Boden-Kanal. Mit dieser Produktinnovation ist es m\u00f6glich, W\u00e4rme aus dem Abwasser und dem die Leitung umgebenden Erdreich bei einer Neuverlegung von Rohren ab DN 300 zu gewinnen.<\/p>\n","protected":false},"excerpt":{"rendered":"<p>Firmenhomepage Die FRANK GmbH, mit Sitz in M\u00f6rfelden-Walldorf, ist ein in zweiter Generation ei-gent\u00fcmergef\u00fchrtes Unternehmen, welches 1965 als Ingenieurb\u00fcro gegr\u00fcndet wurde. FRANK ist einer der f\u00fchrenden Anbieter im europ\u00e4ischen Kunststoffrohrmarkt, spezialisiert auf die Entwicklung, die Herstellung und den Vertrieb von Kunststoffsystemen aus PE, PP, PVDF und ECTFE. Das Unternehmen verf\u00fcgt \u00fcber eine hohe technische Kompetenz [&hellip;]<\/p>\n","protected":false},"author":2,"featured_media":0,"parent":0,"menu_order":0,"comment_status":"closed","ping_status":"closed","template":"","meta":{"footnotes":""},"class_list":["post-48","page","type-page","status-publish","hentry","post-preview"],"_links":{"self":[{"href":"https:\/\/www.iwaes.de\/index.php?rest_route=\/wp\/v2\/pages\/48","targetHints":{"allow":["GET"]}}],"collection":[{"href":"https:\/\/www.iwaes.de\/index.php?rest_route=\/wp\/v2\/pages"}],"about":[{"href":"https:\/\/www.iwaes.de\/index.php?rest_route=\/wp\/v2\/types\/page"}],"author":[{"embeddable":true,"href":"https:\/\/www.iwaes.de\/index.php?rest_route=\/wp\/v2\/users\/2"}],"replies":[{"embeddable":true,"href":"https:\/\/www.iwaes.de\/index.php?rest_route=%2Fwp%2Fv2%2Fcomments&post=48"}],"version-history":[{"count":5,"href":"https:\/\/www.iwaes.de\/index.php?rest_route=\/wp\/v2\/pages\/48\/revisions"}],"predecessor-version":[{"id":632,"href":"https:\/\/www.iwaes.de\/index.php?rest_route=\/wp\/v2\/pages\/48\/revisions\/632"}],"wp:attachment":[{"href":"https:\/\/www.iwaes.de\/index.php?rest_route=%2Fwp%2Fv2%2Fmedia&parent=48"}],"curies":[{"name":"wp","href":"https:\/\/api.w.org\/{rel}","templated":true}]}}