{"id":50,"date":"2019-04-26T22:27:03","date_gmt":"2019-04-26T20:27:03","guid":{"rendered":"https:\/\/www.iwaes.de\/?page_id=50"},"modified":"2020-08-17T07:59:24","modified_gmt":"2020-08-17T05:59:24","slug":"klinger-und-partner-gmbh","status":"publish","type":"page","link":"https:\/\/www.iwaes.de\/?page_id=50","title":{"rendered":"Klinger und Partner GmbH"},"content":{"rendered":"\n<div class=\"wp-block-columns has-2-columns is-layout-flex wp-container-core-columns-is-layout-9d6595d7 wp-block-columns-is-layout-flex\">\n<div class=\"wp-block-column is-layout-flow wp-block-column-is-layout-flow\">\n<p><a href=\"https:\/\/www.klinger-partner.de\/\">Internetauftritt<\/a><\/p>\n<\/div>\n\n\n\n<div class=\"wp-block-column is-layout-flow wp-block-column-is-layout-flow\">\n<figure class=\"wp-block-image alignwide size-large\"><img loading=\"lazy\" decoding=\"async\" width=\"768\" height=\"141\" src=\"https:\/\/www.iwaes.de\/wp-content\/uploads\/2020\/08\/Logo-Klinger-und-Partner-GmbH-768x141-1.jpg\" alt=\"\" class=\"wp-image-622\" srcset=\"https:\/\/www.iwaes.de\/wp-content\/uploads\/2020\/08\/Logo-Klinger-und-Partner-GmbH-768x141-1.jpg 768w, https:\/\/www.iwaes.de\/wp-content\/uploads\/2020\/08\/Logo-Klinger-und-Partner-GmbH-768x141-1-300x55.jpg 300w, https:\/\/www.iwaes.de\/wp-content\/uploads\/2020\/08\/Logo-Klinger-und-Partner-GmbH-768x141-1-676x124.jpg 676w\" sizes=\"auto, (max-width: 768px) 100vw, 768px\" \/><\/figure>\n<\/div>\n<\/div>\n\n\n\n<p>Die Klinger und Partner GmbH (K+P) erbringt seit 1989 technische Planungsleistungen und erg\u00e4nzende Dienstleistungen in den Bereichen Wasser, Umwelt und Verkehr. Die Erschlie\u00dfungsplanung, die Erstellung von Entw\u00e4sserungskonzeptionen, die Kanalplanung und die Konzeption von Kanalisationsnetzen stellen Hauptarbeitsfelder des Ingenieurb\u00fcros Klinger und Partner GmbH dar und sind somit Teil der Kernkompetenzen.<\/p>\n\n\n\n<p>Daneben hat sich das B\u00fcro Klinger und Partner GmbH immer wieder auch mit Forschung und Entwicklung besch\u00e4ftigt. So hat das B\u00fcro in den Jahren 2009 bis 2012 ma\u00dfgeblich am Forschungsprojekt \u201eAnpassung einer Software zur Simulation der Abwassertemperatur auf Baden-W\u00fcrttembergische Verh\u00e4ltnisse und Anschubfinanzierung zur Reaktivierung eines bestehenden Abwasserw\u00e4rmetauschers\u201c teilgenommen (gef\u00f6rdert vom Ministerium f\u00fcr Umwelt, Klima und Energiewirtschaft Baden-W\u00fcrttemberg, UM-Nr. 272\/2008). Die Aufgabe des B\u00fcros K+P bestand dabei in der Nutzung der erhobenen Messdaten und der Erprobung eines Simulationstools zur Berechnung des Verlaufs der Abwassertemperatur entlang des Kanals.<\/p>\n\n\n\n<p>In einer Vielzahl von Potenzial- und Machbarkeitsstudien sowie bei der Planung und Bau\u00fcberwachung von f\u00fcnf Abwasserw\u00e4rmenutzungsanlagen konnte eine breite Erfahrung im Bereich der Abwasserw\u00e4rmenutzung sowie eine F\u00fclle von (punktuellen) Daten zur Abwassertemperatur gewonnen werden. Auch der europaweit gr\u00f6\u00dfte Abwasserw\u00e4rme\u00fcbertrager (Rinnenw\u00e4rme\u00fcbertrager) wird derzeit unter Leitung des Ingenieurb\u00fcros K+P im Stuttgarter Neckarpark gebaut.<\/p>\n","protected":false},"excerpt":{"rendered":"<p>Internetauftritt Die Klinger und Partner GmbH (K+P) erbringt seit 1989 technische Planungsleistungen und erg\u00e4nzende Dienstleistungen in den Bereichen Wasser, Umwelt und Verkehr. Die Erschlie\u00dfungsplanung, die Erstellung von Entw\u00e4sserungskonzeptionen, die Kanalplanung und die Konzeption von Kanalisationsnetzen stellen Hauptarbeitsfelder des Ingenieurb\u00fcros Klinger und Partner GmbH dar und sind somit Teil der Kernkompetenzen. Daneben hat sich das B\u00fcro [&hellip;]<\/p>\n","protected":false},"author":2,"featured_media":0,"parent":0,"menu_order":0,"comment_status":"closed","ping_status":"closed","template":"","meta":{"footnotes":""},"class_list":["post-50","page","type-page","status-publish","hentry","post-preview"],"_links":{"self":[{"href":"https:\/\/www.iwaes.de\/index.php?rest_route=\/wp\/v2\/pages\/50","targetHints":{"allow":["GET"]}}],"collection":[{"href":"https:\/\/www.iwaes.de\/index.php?rest_route=\/wp\/v2\/pages"}],"about":[{"href":"https:\/\/www.iwaes.de\/index.php?rest_route=\/wp\/v2\/types\/page"}],"author":[{"embeddable":true,"href":"https:\/\/www.iwaes.de\/index.php?rest_route=\/wp\/v2\/users\/2"}],"replies":[{"embeddable":true,"href":"https:\/\/www.iwaes.de\/index.php?rest_route=%2Fwp%2Fv2%2Fcomments&post=50"}],"version-history":[{"count":7,"href":"https:\/\/www.iwaes.de\/index.php?rest_route=\/wp\/v2\/pages\/50\/revisions"}],"predecessor-version":[{"id":626,"href":"https:\/\/www.iwaes.de\/index.php?rest_route=\/wp\/v2\/pages\/50\/revisions\/626"}],"wp:attachment":[{"href":"https:\/\/www.iwaes.de\/index.php?rest_route=%2Fwp%2Fv2%2Fmedia&parent=50"}],"curies":[{"name":"wp","href":"https:\/\/api.w.org\/{rel}","templated":true}]}}