{"id":56,"date":"2019-04-26T21:29:49","date_gmt":"2019-04-26T19:29:49","guid":{"rendered":"https:\/\/www.iwaes.de\/?page_id=56"},"modified":"2020-03-26T14:23:26","modified_gmt":"2020-03-26T13:23:26","slug":"tu-kaiserslautern-fachbereich-raum-und-umweltplanung","status":"publish","type":"page","link":"https:\/\/www.iwaes.de\/?page_id=56","title":{"rendered":"TU Kaiserslautern &#8211; Fachbereich Raum- und Umweltplanung"},"content":{"rendered":"\n<div class=\"wp-block-columns has-2-columns is-layout-flex wp-container-core-columns-is-layout-9d6595d7 wp-block-columns-is-layout-flex\">\n<div class=\"wp-block-column is-layout-flow wp-block-column-is-layout-flow\">\n<p class=\"has-text-align-left\"><br><a href=\"https:\/\/www.ru.uni-kl.de\/stadtplanung\">Homepage des Lehrstuhls<\/a><\/p>\n<\/div>\n\n\n\n<div class=\"wp-block-column is-layout-flow wp-block-column-is-layout-flow\">\n<div class=\"wp-block-image\"><figure class=\"aligncenter is-resized\"><img loading=\"lazy\" decoding=\"async\" src=\"https:\/\/www.ru.uni-kl.de\/typo3temp\/_processed_\/c\/3\/csm_TUKL_LOGO_RGB_0c64e79ce0.png\" alt=\"Logo TU Kaiserslautern\" width=\"227\" height=\"43\"\/><\/figure><\/div>\n<\/div>\n<\/div>\n\n\n\n<p>Der Lehrstuhl Stadtplanung der Technischen Universit\u00e4t Kaiserslautern (TUK) besch\u00e4ftigt sich in Lehre und Forschung mit einem breiten Themenspektrum der nach-haltigen Stadtentwicklung bis hin zu formellen und informellen Instrumenten der Stadtplanung. Dem entsprechend setzt sich das seit Oktober 2017 von Prof. Dr. Detlef Kurth (vorher Hochschule f\u00fcr Technik in Stuttgart) geleitete Team interdisziplin\u00e4r aus Raumplanern, Stadtplanern und Architekten zusammen. Die Bandbreite der Forschungsaktivit\u00e4ten reicht von konkreten planungsrechtlichen und st\u00e4dtebaulichen Fragestellungen \u00fcber die Quartiersentwicklung bis hin zu Grundsatzfragen der nachhaltigen Stadtentwicklung. Insbesondere werden querschnittsbezogene Themen in-terdisziplin\u00e4r bearbeitet, z.B. der klimawandelgerechten Stadt, des klimagerechten St\u00e4dtebaus und des energieeffizienten Quartiers.<\/p>\n","protected":false},"excerpt":{"rendered":"<p>Homepage des Lehrstuhls Der Lehrstuhl Stadtplanung der Technischen Universit\u00e4t Kaiserslautern (TUK) besch\u00e4ftigt sich in Lehre und Forschung mit einem breiten Themenspektrum der nach-haltigen Stadtentwicklung bis hin zu formellen und informellen Instrumenten der Stadtplanung. Dem entsprechend setzt sich das seit Oktober 2017 von Prof. Dr. Detlef Kurth (vorher Hochschule f\u00fcr Technik in Stuttgart) geleitete Team interdisziplin\u00e4r [&hellip;]<\/p>\n","protected":false},"author":2,"featured_media":0,"parent":0,"menu_order":0,"comment_status":"closed","ping_status":"closed","template":"","meta":{"footnotes":""},"class_list":["post-56","page","type-page","status-publish","hentry","post-preview"],"_links":{"self":[{"href":"https:\/\/www.iwaes.de\/index.php?rest_route=\/wp\/v2\/pages\/56","targetHints":{"allow":["GET"]}}],"collection":[{"href":"https:\/\/www.iwaes.de\/index.php?rest_route=\/wp\/v2\/pages"}],"about":[{"href":"https:\/\/www.iwaes.de\/index.php?rest_route=\/wp\/v2\/types\/page"}],"author":[{"embeddable":true,"href":"https:\/\/www.iwaes.de\/index.php?rest_route=\/wp\/v2\/users\/2"}],"replies":[{"embeddable":true,"href":"https:\/\/www.iwaes.de\/index.php?rest_route=%2Fwp%2Fv2%2Fcomments&post=56"}],"version-history":[{"count":4,"href":"https:\/\/www.iwaes.de\/index.php?rest_route=\/wp\/v2\/pages\/56\/revisions"}],"predecessor-version":[{"id":491,"href":"https:\/\/www.iwaes.de\/index.php?rest_route=\/wp\/v2\/pages\/56\/revisions\/491"}],"wp:attachment":[{"href":"https:\/\/www.iwaes.de\/index.php?rest_route=%2Fwp%2Fv2%2Fmedia&parent=56"}],"curies":[{"name":"wp","href":"https:\/\/api.w.org\/{rel}","templated":true}]}}