{"id":58,"date":"2019-04-26T22:24:29","date_gmt":"2019-04-26T20:24:29","guid":{"rendered":"https:\/\/www.iwaes.de\/?page_id=58"},"modified":"2020-08-17T08:00:57","modified_gmt":"2020-08-17T06:00:57","slug":"steg-stadtentwicklung-gmbh","status":"publish","type":"page","link":"https:\/\/www.iwaes.de\/?page_id=58","title":{"rendered":"STEG Stadtentwicklung GmbH"},"content":{"rendered":"\n<div class=\"wp-block-columns has-2-columns is-layout-flex wp-container-core-columns-is-layout-9d6595d7 wp-block-columns-is-layout-flex\">\n<div class=\"wp-block-column is-layout-flow wp-block-column-is-layout-flow\">\n<p><a href=\"https:\/\/www.steg.de\/\">Internetauftritt<\/a><\/p>\n<\/div>\n\n\n\n<div class=\"wp-block-column is-layout-flow wp-block-column-is-layout-flow\">\n<div class=\"wp-block-image\"><figure class=\"alignright is-resized\"><img loading=\"lazy\" decoding=\"async\" src=\"https:\/\/www.steg.de\/wp7\/wp-content\/uploads\/2018\/10\/steg-logo_161x33.png\" alt=\"Logo\" width=\"201\" height=\"41\"\/><\/figure><\/div>\n<\/div>\n<\/div>\n\n\n\n<p>Die STEG Stadtentwicklung GmbH mit Hauptsitz in Stuttgart bietet ein ganzheitliches Spektrum an Leistungen f\u00fcr eine zukunftsweisende Stadtentwicklung. Das 1961 gegr\u00fcndete Unternehmen mit aktuell 115 Mitarbeiter*innen z\u00e4hlt bundesweit zu den Sanierungs- und Ma\u00dfnahmetr\u00e4gern der ersten Stunde. Dies gilt auch f\u00fcr die neuen Bundesl\u00e4nder, in denen die STEG noch vor der Wiedervereinigung ihre Arbeit aufnahm und ostdeutsche Niederlassungen gr\u00fcndete. Inzwischen ber\u00e4t die STEG bundesweit insgesamt 450 Kunden wie St\u00e4dte und Gemeinden, \u00f6ffentlich-rechtliche K\u00f6rperschaften, private Grundst\u00fcckseigent\u00fcmer, Gewerbe, Industrie und Unternehmen, institutionelle und private Investoren. <\/p>\n\n\n\n<p>Ein strategischer Schwerpunkt im Leistungsangebot der STEG ist der Klimaschutz und die Klimaanpassung in Kommunen. Die STEG mit Ihren eigenen Energiefachleuten begleitet St\u00e4dte, Gemeinden, Versorgungsunternehmen und Eigent\u00fcmergemeinschaften zusammen mit einem breiten Experten-Netzwerk (u.a. KEA Klimaschutz- und Energieagentur Baden-W\u00fcrttemberg GmbH, regionale Energieagenturen). Ziel ist es, Potenziale zur Steigerung der Energieeffizienz und zur Minderung von CO2-Emissionen vor allem auf Quartiersebene zu erreichen.<\/p>\n\n\n\n<p>Ziel im Projekt IWAES ist die fr\u00fchzeitige interdisziplin\u00e4re Ber\u00fccksichtigung der hybriden, d.h. sowohl thermisch als auch hydraulisch genutzten Siedlungswasserinfrastruktur im st\u00e4dtebaulichen Entwurf, da erste wichtige Weichenstellungen zur W\u00e4rmedichte, zum Energiestandard sowie zur Strom- und W\u00e4rmeversorgung bereits im St\u00e4dtebau gesetzt werden. Gemeinsam mit dem Verbundpartner, der TU Kaiserslautern, gilt es, Kriterien zur Integration einer thermisch aktivierten Struktur des Siedlungswasserbaus in den St\u00e4dtebau zu entwickeln und diese an einem konkreten Projekt (Rosensteinquartier) zu testen.<\/p>\n","protected":false},"excerpt":{"rendered":"<p>Internetauftritt Die STEG Stadtentwicklung GmbH mit Hauptsitz in Stuttgart bietet ein ganzheitliches Spektrum an Leistungen f\u00fcr eine zukunftsweisende Stadtentwicklung. Das 1961 gegr\u00fcndete Unternehmen mit aktuell 115 Mitarbeiter*innen z\u00e4hlt bundesweit zu den Sanierungs- und Ma\u00dfnahmetr\u00e4gern der ersten Stunde. Dies gilt auch f\u00fcr die neuen Bundesl\u00e4nder, in denen die STEG noch vor der Wiedervereinigung ihre Arbeit aufnahm [&hellip;]<\/p>\n","protected":false},"author":2,"featured_media":0,"parent":0,"menu_order":0,"comment_status":"closed","ping_status":"closed","template":"","meta":{"footnotes":""},"class_list":["post-58","page","type-page","status-publish","hentry","post-preview"],"_links":{"self":[{"href":"https:\/\/www.iwaes.de\/index.php?rest_route=\/wp\/v2\/pages\/58","targetHints":{"allow":["GET"]}}],"collection":[{"href":"https:\/\/www.iwaes.de\/index.php?rest_route=\/wp\/v2\/pages"}],"about":[{"href":"https:\/\/www.iwaes.de\/index.php?rest_route=\/wp\/v2\/types\/page"}],"author":[{"embeddable":true,"href":"https:\/\/www.iwaes.de\/index.php?rest_route=\/wp\/v2\/users\/2"}],"replies":[{"embeddable":true,"href":"https:\/\/www.iwaes.de\/index.php?rest_route=%2Fwp%2Fv2%2Fcomments&post=58"}],"version-history":[{"count":5,"href":"https:\/\/www.iwaes.de\/index.php?rest_route=\/wp\/v2\/pages\/58\/revisions"}],"predecessor-version":[{"id":630,"href":"https:\/\/www.iwaes.de\/index.php?rest_route=\/wp\/v2\/pages\/58\/revisions\/630"}],"wp:attachment":[{"href":"https:\/\/www.iwaes.de\/index.php?rest_route=%2Fwp%2Fv2%2Fmedia&parent=58"}],"curies":[{"name":"wp","href":"https:\/\/api.w.org\/{rel}","templated":true}]}}